{"id":1986,"date":"2022-06-20T16:15:12","date_gmt":"2022-06-20T14:15:12","guid":{"rendered":"https:\/\/irispazzolatrici.com\/acristalamiento\/"},"modified":"2022-06-20T16:15:12","modified_gmt":"2022-06-20T14:15:12","slug":"acristalamiento","status":"publish","type":"page","link":"https:\/\/irispazzolatrici.com\/es\/acristalamiento\/","title":{"rendered":"Acristalamiento"},"content":{"rendered":"\t\t<div data-elementor-type=\"wp-page\" data-elementor-id=\"1986\" class=\"elementor elementor-1986 elementor-66\" data-elementor-post-type=\"page\">\n\t\t\t\t\t\t<section class=\"elementor-section elementor-top-section elementor-element elementor-element-5f4c4979 elementor-section-full_width elementor-section-height-default elementor-section-height-default\" data-id=\"5f4c4979\" data-element_type=\"section\" data-settings=\"{&quot;background_background&quot;:&quot;classic&quot;}\">\n\t\t\t\t\t\t\t<div class=\"elementor-background-overlay\"><\/div>\n\t\t\t\t\t\t\t<div class=\"elementor-container elementor-column-gap-default\">\n\t\t\t\t\t<div class=\"elementor-column elementor-col-100 elementor-top-column elementor-element elementor-element-272086dd\" data-id=\"272086dd\" data-element_type=\"column\" data-settings=\"{&quot;background_background&quot;:&quot;classic&quot;}\">\n\t\t\t<div class=\"elementor-widget-wrap elementor-element-populated\">\n\t\t\t\t\t\t<section class=\"elementor-section elementor-inner-section elementor-element elementor-element-fee7c1a elementor-section-boxed elementor-section-height-default elementor-section-height-default\" data-id=\"fee7c1a\" data-element_type=\"section\">\n\t\t\t\t\t\t<div class=\"elementor-container elementor-column-gap-default\">\n\t\t\t\t\t<div class=\"elementor-column elementor-col-100 elementor-inner-column elementor-element elementor-element-7d572e2\" data-id=\"7d572e2\" data-element_type=\"column\">\n\t\t\t<div class=\"elementor-widget-wrap elementor-element-populated\">\n\t\t\t\t\t\t<div class=\"elementor-element elementor-element-87d54c0 elementor-widget__width-auto elementor-icon-list--layout-traditional elementor-list-item-link-full_width elementor-widget elementor-widget-icon-list\" data-id=\"87d54c0\" data-element_type=\"widget\" data-widget_type=\"icon-list.default\">\n\t\t\t\t<div class=\"elementor-widget-container\">\n\t\t\t\t\t\t\t<ul class=\"elementor-icon-list-items\">\n\t\t\t\t\t\t\t<li class=\"elementor-icon-list-item\">\n\t\t\t\t\t\t\t\t\t\t\t<a href=\"https:\/\/irispazzolatrici.com\/es\/\">\n\n\t\t\t\t\t\t\t\t\t\t\t<span class=\"elementor-icon-list-text\">Home<\/span>\n\t\t\t\t\t\t\t\t\t\t\t<\/a>\n\t\t\t\t\t\t\t\t\t<\/li>\n\t\t\t\t\t\t<\/ul>\n\t\t\t\t\t\t<\/div>\n\t\t\t\t<\/div>\n\t\t\t\t<div class=\"elementor-element elementor-element-61f71b3 elementor-widget__width-auto elementor-widget elementor-widget-heading\" data-id=\"61f71b3\" data-element_type=\"widget\" data-widget_type=\"heading.default\">\n\t\t\t\t<div class=\"elementor-widget-container\">\n\t\t\t\t\t<h6 class=\"elementor-heading-title elementor-size-default\">\/<\/h6>\t\t\t\t<\/div>\n\t\t\t\t<\/div>\n\t\t\t\t<div class=\"elementor-element elementor-element-ba462cb elementor-widget__width-auto elementor-icon-list--layout-traditional elementor-list-item-link-full_width elementor-widget elementor-widget-icon-list\" data-id=\"ba462cb\" data-element_type=\"widget\" data-widget_type=\"icon-list.default\">\n\t\t\t\t<div class=\"elementor-widget-container\">\n\t\t\t\t\t\t\t<ul class=\"elementor-icon-list-items\">\n\t\t\t\t\t\t\t<li class=\"elementor-icon-list-item\">\n\t\t\t\t\t\t\t\t\t\t<span class=\"elementor-icon-list-text\"><\/span>\n\t\t\t\t\t\t\t\t\t<\/li>\n\t\t\t\t\t\t<\/ul>\n\t\t\t\t\t\t<\/div>\n\t\t\t\t<\/div>\n\t\t\t\t\t<\/div>\n\t\t<\/div>\n\t\t\t\t\t<\/div>\n\t\t<\/section>\n\t\t\t\t\t<\/div>\n\t\t<\/div>\n\t\t\t\t\t<\/div>\n\t\t<\/section>\n\t\t\t\t<section class=\"elementor-section elementor-top-section elementor-element elementor-element-35e44641 elementor-section-boxed elementor-section-height-default elementor-section-height-default\" data-id=\"35e44641\" data-element_type=\"section\">\n\t\t\t\t\t\t<div class=\"elementor-container elementor-column-gap-default\">\n\t\t\t\t\t<div class=\"elementor-column elementor-col-100 elementor-top-column elementor-element elementor-element-3de61ac5\" data-id=\"3de61ac5\" data-element_type=\"column\">\n\t\t\t<div class=\"elementor-widget-wrap elementor-element-populated\">\n\t\t\t\t\t\t<div class=\"elementor-element elementor-element-12befe8f elementor-widget elementor-widget-text-editor\" data-id=\"12befe8f\" data-element_type=\"widget\" data-widget_type=\"text-editor.default\">\n\t\t\t\t<div class=\"elementor-widget-container\">\n\t\t\t\t\t\t\t\t\tCepilladora, para la limpieza completa de la baldosa, para ser insertada despu\u00e9s del secador, antes de cualquier tratamiento superficial. Permite eliminar \u201crebabas\u201d y otras imperfecciones que se crean durante la fase de formaci\u00f3n de las baldosas. Utilizando herramientas dise\u00f1adas para este fin, permite mejorar la porosidad de la superficie, reducir la cantidad de esmalte necesaria y obtener una mayor definici\u00f3n durante la fase de decoraci\u00f3n.\t\t\t\t\t\t\t\t<\/div>\n\t\t\t\t<\/div>\n\t\t\t\t<div class=\"elementor-element elementor-element-8ea0d05 uael-ins-normal uael-img-carousel-arrow-outside elementor-widget elementor-widget-uael-image-gallery\" data-id=\"8ea0d05\" data-element_type=\"widget\" data-settings=\"{&quot;slides_to_show&quot;:3,&quot;slides_to_show_mobile&quot;:1,&quot;slides_to_show_tablet&quot;:3,&quot;slides_to_scroll&quot;:1,&quot;slides_to_scroll_tablet&quot;:1,&quot;slides_to_scroll_mobile&quot;:1,&quot;column_gap&quot;:{&quot;unit&quot;:&quot;px&quot;,&quot;size&quot;:20,&quot;sizes&quot;:[]},&quot;column_gap_tablet&quot;:{&quot;unit&quot;:&quot;px&quot;,&quot;size&quot;:&quot;&quot;,&quot;sizes&quot;:[]},&quot;column_gap_mobile&quot;:{&quot;unit&quot;:&quot;px&quot;,&quot;size&quot;:&quot;&quot;,&quot;sizes&quot;:[]},&quot;overlay_icon_size_hover&quot;:{&quot;unit&quot;:&quot;px&quot;,&quot;size&quot;:40,&quot;sizes&quot;:[]},&quot;overlay_icon_size_hover_tablet&quot;:{&quot;unit&quot;:&quot;px&quot;,&quot;size&quot;:&quot;&quot;,&quot;sizes&quot;:[]},&quot;overlay_icon_size_hover_mobile&quot;:{&quot;unit&quot;:&quot;px&quot;,&quot;size&quot;:&quot;&quot;,&quot;sizes&quot;:[]}}\" data-widget_type=\"uael-image-gallery.default\">\n\t\t\t\t<div class=\"elementor-widget-container\">\n\t\t\t\t\t<div class=\"uael-gallery-parent uael-caption- uael-gallery-unjustified\"><div data-image_carousel=\"{&quot;slidesToShow&quot;:3,&quot;slidesToScroll&quot;:1,&quot;autoplaySpeed&quot;:5000,&quot;autoplay&quot;:false,&quot;infinite&quot;:true,&quot;pauseOnHover&quot;:true,&quot;speed&quot;:500,&quot;arrows&quot;:true,&quot;dots&quot;:false,&quot;rtl&quot;:false,&quot;responsive&quot;:[{&quot;breakpoint&quot;:1024,&quot;settings&quot;:{&quot;slidesToShow&quot;:3,&quot;slidesToScroll&quot;:1}},{&quot;breakpoint&quot;:767,&quot;settings&quot;:{&quot;slidesToShow&quot;:1,&quot;slidesToScroll&quot;:1}}]}\" class=\"uael-img-gallery-wrap uael-img-carousel-wrap uael-nav-arrows uael-image-lightbox-wrap\" data-filter-default=\"All\" data-lightbox_actions=\"[&quot;close&quot;]\" data-lightbox-gallery-loop=\"1\"><div class=\"uael-grid-item  uael-img-gallery-item-1\"><div class=\"uael-grid-item-content\"><a class=\"uael-grid-img uael-grid-gallery-img uael-ins-hover elementor-clickable\" data-fancybox=\"uael-gallery\" href=\"https:\/\/irispazzolatrici.com\/wp-content\/uploads\/2022\/05\/SPAZZOLATRICE-CERAMICA-CRUDO-SMALTERIA-1.webp\" data-elementor-open-lightbox=\"no\"><div class=\"uael-grid-img-thumbnail uael-ins-target\"><img decoding=\"async\" src=\"https:\/\/irispazzolatrici.com\/wp-content\/uploads\/elementor\/thumbs\/SPAZZOLATRICE-CERAMICA-CRUDO-SMALTERIA-1-q98w7mym0s9ja1v2v3l9oiwdagnlcfboudmpuvw0ww.webp\" title=\"SPAZZOLATRICE-CERAMICA-CRUDO-SMALTERIA-1\" alt=\"Macchina spazzolatrice per ceramica\" loading=\"lazy\" \/><\/div><div class=\"uael-grid-img-overlay\"><span class=\"uael-overlay-icon\"><i aria-hidden=\"true\" class=\"fas fa-plus\"><\/i><\/span><\/div><\/a><\/div><\/div><div class=\"uael-grid-item  uael-img-gallery-item-2\"><div class=\"uael-grid-item-content\"><a class=\"uael-grid-img uael-grid-gallery-img uael-ins-hover elementor-clickable\" data-fancybox=\"uael-gallery\" href=\"https:\/\/irispazzolatrici.com\/wp-content\/uploads\/2022\/05\/SPAZZOLATRICE-CERAMICA-CRUDO-SMALTERIA-2.webp\" data-elementor-open-lightbox=\"no\"><div class=\"uael-grid-img-thumbnail uael-ins-target\"><img decoding=\"async\" src=\"https:\/\/irispazzolatrici.com\/wp-content\/uploads\/elementor\/thumbs\/SPAZZOLATRICE-CERAMICA-CRUDO-SMALTERIA-2-q98w7mym0s9ja1v2v3l9oiwdagnlcfboudmpuvw0ww.webp\" title=\"SPAZZOLATRICE-CERAMICA-CRUDO-SMALTERIA-2\" alt=\"macchine e impianti per la lavorazione della ceramica\" loading=\"lazy\" \/><\/div><div class=\"uael-grid-img-overlay\"><span class=\"uael-overlay-icon\"><i aria-hidden=\"true\" class=\"fas fa-plus\"><\/i><\/span><\/div><\/a><\/div><\/div><div class=\"uael-grid-item  uael-img-gallery-item-3\"><div class=\"uael-grid-item-content\"><a class=\"uael-grid-img uael-grid-gallery-img uael-ins-hover elementor-clickable\" data-fancybox=\"uael-gallery\" href=\"https:\/\/irispazzolatrici.com\/wp-content\/uploads\/2022\/05\/SPAZZOLATRICE-CERAMICA-CRUDO-SMALTERIA-3.webp\" data-elementor-open-lightbox=\"no\"><div class=\"uael-grid-img-thumbnail uael-ins-target\"><img decoding=\"async\" src=\"https:\/\/irispazzolatrici.com\/wp-content\/uploads\/elementor\/thumbs\/SPAZZOLATRICE-CERAMICA-CRUDO-SMALTERIA-3-q98w7mym0s9ja1v2v3l9oiwdagnlcfboudmpuvw0ww.webp\" title=\"SPAZZOLATRICE-CERAMICA-CRUDO-SMALTERIA-3\" alt=\"Spazzolatrici satellitari per la ceramica\" loading=\"lazy\" \/><\/div><div class=\"uael-grid-img-overlay\"><span class=\"uael-overlay-icon\"><i aria-hidden=\"true\" class=\"fas fa-plus\"><\/i><\/span><\/div><\/a><\/div><\/div><\/div><\/div>\t\t\t\t<\/div>\n\t\t\t\t<\/div>\n\t\t\t\t<div class=\"elementor-element elementor-element-0fb7fd3 elementor-icon-list--layout-traditional elementor-list-item-link-full_width elementor-widget elementor-widget-icon-list\" data-id=\"0fb7fd3\" data-element_type=\"widget\" data-widget_type=\"icon-list.default\">\n\t\t\t\t<div class=\"elementor-widget-container\">\n\t\t\t\t\t\t\t<ul class=\"elementor-icon-list-items\">\n\t\t\t\t\t\t\t<li class=\"elementor-icon-list-item\">\n\t\t\t\t\t\t\t\t\t\t\t<span class=\"elementor-icon-list-icon\">\n\t\t\t\t\t\t\t<i aria-hidden=\"true\" class=\"fas fa-dot-circle\"><\/i>\t\t\t\t\t\t<\/span>\n\t\t\t\t\t\t\t\t\t\t<span class=\"elementor-icon-list-text\">Cepilladora de cer\u00e1mica para la limpieza de baldosas en bruto<\/span>\n\t\t\t\t\t\t\t\t\t<\/li>\n\t\t\t\t\t\t<\/ul>\n\t\t\t\t\t\t<\/div>\n\t\t\t\t<\/div>\n\t\t\t\t\t<\/div>\n\t\t<\/div>\n\t\t\t\t\t<\/div>\n\t\t<\/section>\n\t\t\t\t<section class=\"elementor-section elementor-top-section elementor-element elementor-element-dadc979 elementor-section-boxed elementor-section-height-default elementor-section-height-default\" data-id=\"dadc979\" data-element_type=\"section\">\n\t\t\t\t\t\t<div class=\"elementor-container elementor-column-gap-default\">\n\t\t\t\t\t<div class=\"elementor-column elementor-col-100 elementor-top-column elementor-element elementor-element-6646357\" data-id=\"6646357\" data-element_type=\"column\">\n\t\t\t<div class=\"elementor-widget-wrap elementor-element-populated\">\n\t\t\t\t\t\t<div class=\"elementor-element elementor-element-099b0b6 elementor-widget elementor-widget-text-editor\" data-id=\"099b0b6\" data-element_type=\"widget\" data-widget_type=\"text-editor.default\">\n\t\t\t\t<div class=\"elementor-widget-container\">\n\t\t\t\t\t\t\t\t\tCepilladoras monoanillo o sat\u00e9lite para la creaci\u00f3n de efectos crom\u00e1ticos de tipo r\u00fastico en la fase de esmaltado de baldosas cer\u00e1micas.<br>Equipadas con un sistema de autorregulaci\u00f3n para la recuperaci\u00f3n del desgaste de la herramienta, pueden cubrir toda la gama de formatos del mercado.\t\t\t\t\t\t\t\t<\/div>\n\t\t\t\t<\/div>\n\t\t\t\t<div class=\"elementor-element elementor-element-07b2d9e uael-ins-normal uael-img-carousel-arrow-outside elementor-widget elementor-widget-uael-image-gallery\" data-id=\"07b2d9e\" data-element_type=\"widget\" data-settings=\"{&quot;slides_to_show&quot;:3,&quot;slides_to_show_mobile&quot;:1,&quot;slides_to_show_tablet&quot;:3,&quot;slides_to_scroll&quot;:1,&quot;slides_to_scroll_tablet&quot;:1,&quot;slides_to_scroll_mobile&quot;:1,&quot;column_gap&quot;:{&quot;unit&quot;:&quot;px&quot;,&quot;size&quot;:20,&quot;sizes&quot;:[]},&quot;column_gap_tablet&quot;:{&quot;unit&quot;:&quot;px&quot;,&quot;size&quot;:&quot;&quot;,&quot;sizes&quot;:[]},&quot;column_gap_mobile&quot;:{&quot;unit&quot;:&quot;px&quot;,&quot;size&quot;:&quot;&quot;,&quot;sizes&quot;:[]},&quot;overlay_icon_size_hover&quot;:{&quot;unit&quot;:&quot;px&quot;,&quot;size&quot;:40,&quot;sizes&quot;:[]},&quot;overlay_icon_size_hover_tablet&quot;:{&quot;unit&quot;:&quot;px&quot;,&quot;size&quot;:&quot;&quot;,&quot;sizes&quot;:[]},&quot;overlay_icon_size_hover_mobile&quot;:{&quot;unit&quot;:&quot;px&quot;,&quot;size&quot;:&quot;&quot;,&quot;sizes&quot;:[]}}\" data-widget_type=\"uael-image-gallery.default\">\n\t\t\t\t<div class=\"elementor-widget-container\">\n\t\t\t\t\t<div class=\"uael-gallery-parent uael-caption- uael-gallery-unjustified\"><div data-image_carousel=\"{&quot;slidesToShow&quot;:3,&quot;slidesToScroll&quot;:1,&quot;autoplaySpeed&quot;:5000,&quot;autoplay&quot;:false,&quot;infinite&quot;:true,&quot;pauseOnHover&quot;:true,&quot;speed&quot;:500,&quot;arrows&quot;:true,&quot;dots&quot;:false,&quot;rtl&quot;:false,&quot;responsive&quot;:[{&quot;breakpoint&quot;:1024,&quot;settings&quot;:{&quot;slidesToShow&quot;:3,&quot;slidesToScroll&quot;:1}},{&quot;breakpoint&quot;:767,&quot;settings&quot;:{&quot;slidesToShow&quot;:1,&quot;slidesToScroll&quot;:1}}]}\" class=\"uael-img-gallery-wrap uael-img-carousel-wrap uael-nav-arrows uael-image-lightbox-wrap\" data-filter-default=\"All\" data-lightbox_actions=\"[&quot;close&quot;]\" data-lightbox-gallery-loop=\"1\"><div class=\"uael-grid-item  uael-img-gallery-item-1\"><div class=\"uael-grid-item-content\"><a class=\"uael-grid-img uael-grid-gallery-img uael-ins-hover elementor-clickable\" data-fancybox=\"uael-gallery\" href=\"https:\/\/irispazzolatrici.com\/wp-content\/uploads\/2022\/05\/SPAZZOLATRICE-CERAMICA-SMALTERIA-RUSTICI-LAP202.webp\" data-elementor-open-lightbox=\"no\"><div class=\"uael-grid-img-thumbnail uael-ins-target\"><img decoding=\"async\" src=\"https:\/\/irispazzolatrici.com\/wp-content\/uploads\/elementor\/thumbs\/SPAZZOLATRICE-CERAMICA-SMALTERIA-RUSTICI-LAP202-q98w7mym0s9ja1v2v3l9oiwdagnlcfboudmpuvw0ww.webp\" title=\"SPAZZOLATRICE-CERAMICA-SMALTERIA-RUSTICI-LAP202\" alt=\"Spazzolatrice ceramica smalteria rustici\" loading=\"lazy\" \/><\/div><div class=\"uael-grid-img-overlay\"><span class=\"uael-overlay-icon\"><i aria-hidden=\"true\" class=\"fas fa-plus\"><\/i><\/span><\/div><\/a><\/div><\/div><div class=\"uael-grid-item  uael-img-gallery-item-2\"><div class=\"uael-grid-item-content\"><a class=\"uael-grid-img uael-grid-gallery-img uael-ins-hover elementor-clickable\" data-fancybox=\"uael-gallery\" href=\"https:\/\/irispazzolatrici.com\/wp-content\/uploads\/2022\/05\/SPAZZOLATRICE-CERAMICA-SMALTERIA-RUSTICI-LAP205.webp\" data-elementor-open-lightbox=\"no\"><div class=\"uael-grid-img-thumbnail uael-ins-target\"><img decoding=\"async\" src=\"https:\/\/irispazzolatrici.com\/wp-content\/uploads\/elementor\/thumbs\/SPAZZOLATRICE-CERAMICA-SMALTERIA-RUSTICI-LAP205-q98w7mym0s9ja1v2v3l9oiwdagnlcfboudmpuvw0ww.webp\" title=\"SPAZZOLATRICE-CERAMICA-SMALTERIA-RUSTICI-LAP205\" alt=\"Spazzolatrice ceramica smalteria rustici LAP205\" loading=\"lazy\" \/><\/div><div class=\"uael-grid-img-overlay\"><span class=\"uael-overlay-icon\"><i aria-hidden=\"true\" class=\"fas fa-plus\"><\/i><\/span><\/div><\/a><\/div><\/div><div class=\"uael-grid-item  uael-img-gallery-item-3\"><div class=\"uael-grid-item-content\"><a class=\"uael-grid-img uael-grid-gallery-img uael-ins-hover elementor-clickable\" data-fancybox=\"uael-gallery\" href=\"https:\/\/irispazzolatrici.com\/wp-content\/uploads\/2022\/05\/SPAZZOLATRICE-CERAMICA-SMALTERIA-RUSTICI-SPG404.webp\" data-elementor-open-lightbox=\"no\"><div class=\"uael-grid-img-thumbnail uael-ins-target\"><img decoding=\"async\" src=\"https:\/\/irispazzolatrici.com\/wp-content\/uploads\/elementor\/thumbs\/SPAZZOLATRICE-CERAMICA-SMALTERIA-RUSTICI-SPG404-q98w7mym0s9ja1v2v3l9oiwdagnlcfboudmpuvw0ww.webp\" title=\"SPAZZOLATRICE-CERAMICA-SMALTERIA-RUSTICI-SPG404\" alt=\"Spazzolatrice ceramica smalteria rustici SPG404\" loading=\"lazy\" \/><\/div><div class=\"uael-grid-img-overlay\"><span class=\"uael-overlay-icon\"><i aria-hidden=\"true\" class=\"fas fa-plus\"><\/i><\/span><\/div><\/a><\/div><\/div><div class=\"uael-grid-item  uael-img-gallery-item-4\"><div class=\"uael-grid-item-content\"><a class=\"uael-grid-img uael-grid-gallery-img uael-ins-hover elementor-clickable\" data-fancybox=\"uael-gallery\" href=\"https:\/\/irispazzolatrici.com\/wp-content\/uploads\/2022\/05\/SPAZZOLATRICE-CERAMICA-SMALTERIA-RUSTICI-SPG405.webp\" data-elementor-open-lightbox=\"no\"><div class=\"uael-grid-img-thumbnail uael-ins-target\"><img decoding=\"async\" src=\"https:\/\/irispazzolatrici.com\/wp-content\/uploads\/elementor\/thumbs\/SPAZZOLATRICE-CERAMICA-SMALTERIA-RUSTICI-SPG405-q98w7mym0s9ja1v2v3l9oiwdagnlcfboudmpuvw0ww.webp\" title=\"SPAZZOLATRICE-CERAMICA-SMALTERIA-RUSTICI-SPG405\" alt=\"Spazzolatrice ceramica smalteria rustici SPG405\" loading=\"lazy\" \/><\/div><div class=\"uael-grid-img-overlay\"><span class=\"uael-overlay-icon\"><i aria-hidden=\"true\" class=\"fas fa-plus\"><\/i><\/span><\/div><\/a><\/div><\/div><\/div><\/div>\t\t\t\t<\/div>\n\t\t\t\t<\/div>\n\t\t\t\t<div class=\"elementor-element elementor-element-02b2079 elementor-icon-list--layout-traditional elementor-list-item-link-full_width elementor-widget elementor-widget-icon-list\" data-id=\"02b2079\" data-element_type=\"widget\" data-widget_type=\"icon-list.default\">\n\t\t\t\t<div class=\"elementor-widget-container\">\n\t\t\t\t\t\t\t<ul class=\"elementor-icon-list-items\">\n\t\t\t\t\t\t\t<li class=\"elementor-icon-list-item\">\n\t\t\t\t\t\t\t\t\t\t\t<span class=\"elementor-icon-list-icon\">\n\t\t\t\t\t\t\t<i aria-hidden=\"true\" class=\"fas fa-dot-circle\"><\/i>\t\t\t\t\t\t<\/span>\n\t\t\t\t\t\t\t\t\t\t<span class=\"elementor-icon-list-text\">Cepilladoras cer\u00e1micas para efectos r\u00fasticos monoanillo y sat\u00e9lite<\/span>\n\t\t\t\t\t\t\t\t\t<\/li>\n\t\t\t\t\t\t<\/ul>\n\t\t\t\t\t\t<\/div>\n\t\t\t\t<\/div>\n\t\t\t\t\t<\/div>\n\t\t<\/div>\n\t\t\t\t\t<\/div>\n\t\t<\/section>\n\t\t\t\t<\/div>\n\t\t","protected":false},"excerpt":{"rendered":"<p>Home \/ Macchina spazzolatrice, per la pulizia completa della piastrella, da inserire dopo l\u2019essicatoio, prima di qualsiasi lavorazione superficiale. Permette di eliminare \u201cbavette\u201d ed altre imperfezioni che si creano in fase di formatura della piastrella. Utilizzando utensili studiati a questo scopo, consente di migliorare la porosit\u00e0 superficiale, di ridurre la quantit\u00e0 di smalto necessari e [&hellip;]<\/p>\n","protected":false},"author":1,"featured_media":0,"parent":0,"menu_order":0,"comment_status":"closed","ping_status":"closed","template":"","meta":{"footnotes":""},"class_list":["post-1986","page","type-page","status-publish","hentry"],"_links":{"self":[{"href":"https:\/\/irispazzolatrici.com\/es\/wp-json\/wp\/v2\/pages\/1986","targetHints":{"allow":["GET"]}}],"collection":[{"href":"https:\/\/irispazzolatrici.com\/es\/wp-json\/wp\/v2\/pages"}],"about":[{"href":"https:\/\/irispazzolatrici.com\/es\/wp-json\/wp\/v2\/types\/page"}],"author":[{"embeddable":true,"href":"https:\/\/irispazzolatrici.com\/es\/wp-json\/wp\/v2\/users\/1"}],"replies":[{"embeddable":true,"href":"https:\/\/irispazzolatrici.com\/es\/wp-json\/wp\/v2\/comments?post=1986"}],"version-history":[{"count":3,"href":"https:\/\/irispazzolatrici.com\/es\/wp-json\/wp\/v2\/pages\/1986\/revisions"}],"predecessor-version":[{"id":1989,"href":"https:\/\/irispazzolatrici.com\/es\/wp-json\/wp\/v2\/pages\/1986\/revisions\/1989"}],"wp:attachment":[{"href":"https:\/\/irispazzolatrici.com\/es\/wp-json\/wp\/v2\/media?parent=1986"}],"curies":[{"name":"wp","href":"https:\/\/api.w.org\/{rel}","templated":true}]}}