{"id":1983,"date":"2022-06-20T16:13:17","date_gmt":"2022-06-20T14:13:17","guid":{"rendered":"https:\/\/irispazzolatrici.com\/nuestros-clientes\/"},"modified":"2022-06-20T16:13:18","modified_gmt":"2022-06-20T14:13:18","slug":"nuestros-clientes","status":"publish","type":"page","link":"https:\/\/irispazzolatrici.com\/es\/nuestros-clientes\/","title":{"rendered":"Nuestros clientes"},"content":{"rendered":"\t\t<div data-elementor-type=\"wp-page\" data-elementor-id=\"1983\" class=\"elementor elementor-1983 elementor-483\" data-elementor-post-type=\"page\">\n\t\t\t\t\t\t<section class=\"elementor-section elementor-top-section elementor-element elementor-element-386e8451 elementor-section-full_width elementor-section-height-default elementor-section-height-default\" data-id=\"386e8451\" data-element_type=\"section\" data-settings=\"{&quot;background_background&quot;:&quot;classic&quot;}\">\n\t\t\t\t\t\t\t<div class=\"elementor-background-overlay\"><\/div>\n\t\t\t\t\t\t\t<div class=\"elementor-container elementor-column-gap-default\">\n\t\t\t\t\t<div class=\"elementor-column elementor-col-100 elementor-top-column elementor-element elementor-element-2dd997a1\" data-id=\"2dd997a1\" data-element_type=\"column\" data-settings=\"{&quot;background_background&quot;:&quot;classic&quot;}\">\n\t\t\t<div class=\"elementor-widget-wrap elementor-element-populated\">\n\t\t\t\t\t\t<section class=\"elementor-section elementor-inner-section elementor-element elementor-element-311d066 elementor-section-boxed elementor-section-height-default elementor-section-height-default\" data-id=\"311d066\" data-element_type=\"section\">\n\t\t\t\t\t\t<div class=\"elementor-container elementor-column-gap-default\">\n\t\t\t\t\t<div class=\"elementor-column elementor-col-100 elementor-inner-column elementor-element elementor-element-854993b\" data-id=\"854993b\" data-element_type=\"column\">\n\t\t\t<div class=\"elementor-widget-wrap elementor-element-populated\">\n\t\t\t\t\t\t<div class=\"elementor-element elementor-element-e17dc4b elementor-widget__width-auto elementor-icon-list--layout-traditional elementor-list-item-link-full_width elementor-widget elementor-widget-icon-list\" data-id=\"e17dc4b\" data-element_type=\"widget\" data-widget_type=\"icon-list.default\">\n\t\t\t\t<div class=\"elementor-widget-container\">\n\t\t\t\t\t\t\t<ul class=\"elementor-icon-list-items\">\n\t\t\t\t\t\t\t<li class=\"elementor-icon-list-item\">\n\t\t\t\t\t\t\t\t\t\t\t<a href=\"https:\/\/irispazzolatrici.com\/es\/\">\n\n\t\t\t\t\t\t\t\t\t\t\t<span class=\"elementor-icon-list-text\">Home<\/span>\n\t\t\t\t\t\t\t\t\t\t\t<\/a>\n\t\t\t\t\t\t\t\t\t<\/li>\n\t\t\t\t\t\t<\/ul>\n\t\t\t\t\t\t<\/div>\n\t\t\t\t<\/div>\n\t\t\t\t<div class=\"elementor-element elementor-element-4d5d945 elementor-widget__width-auto elementor-widget elementor-widget-heading\" data-id=\"4d5d945\" data-element_type=\"widget\" data-widget_type=\"heading.default\">\n\t\t\t\t<div class=\"elementor-widget-container\">\n\t\t\t\t\t<h6 class=\"elementor-heading-title elementor-size-default\">\/<\/h6>\t\t\t\t<\/div>\n\t\t\t\t<\/div>\n\t\t\t\t<div class=\"elementor-element elementor-element-e57da09 elementor-widget__width-auto elementor-icon-list--layout-traditional elementor-list-item-link-full_width elementor-widget elementor-widget-icon-list\" data-id=\"e57da09\" data-element_type=\"widget\" data-widget_type=\"icon-list.default\">\n\t\t\t\t<div class=\"elementor-widget-container\">\n\t\t\t\t\t\t\t<ul class=\"elementor-icon-list-items\">\n\t\t\t\t\t\t\t<li class=\"elementor-icon-list-item\">\n\t\t\t\t\t\t\t\t\t\t<span class=\"elementor-icon-list-text\"><\/span>\n\t\t\t\t\t\t\t\t\t<\/li>\n\t\t\t\t\t\t<\/ul>\n\t\t\t\t\t\t<\/div>\n\t\t\t\t<\/div>\n\t\t\t\t\t<\/div>\n\t\t<\/div>\n\t\t\t\t\t<\/div>\n\t\t<\/section>\n\t\t\t\t\t<\/div>\n\t\t<\/div>\n\t\t\t\t\t<\/div>\n\t\t<\/section>\n\t\t\t\t<section class=\"elementor-section elementor-top-section elementor-element elementor-element-407baa82 elementor-section-boxed elementor-section-height-default elementor-section-height-default\" data-id=\"407baa82\" data-element_type=\"section\">\n\t\t\t\t\t\t<div class=\"elementor-container elementor-column-gap-default\">\n\t\t\t\t\t<div class=\"elementor-column elementor-col-50 elementor-top-column elementor-element elementor-element-6effd94d\" data-id=\"6effd94d\" data-element_type=\"column\">\n\t\t\t<div class=\"elementor-widget-wrap elementor-element-populated\">\n\t\t\t\t\t\t<div class=\"elementor-element elementor-element-49aff807 elementor-widget__width-auto elementor-widget-divider--view-line elementor-widget elementor-widget-divider\" data-id=\"49aff807\" data-element_type=\"widget\" data-widget_type=\"divider.default\">\n\t\t\t\t<div class=\"elementor-widget-container\">\n\t\t\t\t\t\t\t<div class=\"elementor-divider\">\n\t\t\t<span class=\"elementor-divider-separator\">\n\t\t\t\t\t\t<\/span>\n\t\t<\/div>\n\t\t\t\t\t\t<\/div>\n\t\t\t\t<\/div>\n\t\t\t\t<div class=\"elementor-element elementor-element-6ab5379e elementor-widget__width-auto elementor-invisible elementor-widget elementor-widget-heading\" data-id=\"6ab5379e\" data-element_type=\"widget\" data-settings=\"{&quot;_animation&quot;:&quot;fadeInUp&quot;,&quot;_animation_delay&quot;:50}\" data-widget_type=\"heading.default\">\n\t\t\t\t<div class=\"elementor-widget-container\">\n\t\t\t\t\t<h6 class=\"elementor-heading-title elementor-size-default\">Referencias<\/h6>\t\t\t\t<\/div>\n\t\t\t\t<\/div>\n\t\t\t\t<div class=\"elementor-element elementor-element-409264cb elementor-widget elementor-widget-heading\" data-id=\"409264cb\" data-element_type=\"widget\" data-widget_type=\"heading.default\">\n\t\t\t\t<div class=\"elementor-widget-container\">\n\t\t\t\t\t<h2 class=\"elementor-heading-title elementor-size-default\">Empresas que nos han elegido<\/h2>\t\t\t\t<\/div>\n\t\t\t\t<\/div>\n\t\t\t\t\t<\/div>\n\t\t<\/div>\n\t\t\t\t<div class=\"elementor-column elementor-col-50 elementor-top-column elementor-element elementor-element-11a68442\" data-id=\"11a68442\" data-element_type=\"column\">\n\t\t\t<div class=\"elementor-widget-wrap elementor-element-populated\">\n\t\t\t\t\t\t<div class=\"elementor-element elementor-element-7fa13822 elementor-widget elementor-widget-text-editor\" data-id=\"7fa13822\" data-element_type=\"widget\" data-widget_type=\"text-editor.default\">\n\t\t\t\t<div class=\"elementor-widget-container\">\n\t\t\t\t\t\t\t\t\t<p>Este es solo un peque\u00f1o extracto de las empresas que han elegido nuestra tecnolog\u00eda y con las que hemos seguido colaborando con \u00e9xito durante muchos a\u00f1os.<\/p>\t\t\t\t\t\t\t\t<\/div>\n\t\t\t\t<\/div>\n\t\t\t\t\t<\/div>\n\t\t<\/div>\n\t\t\t\t\t<\/div>\n\t\t<\/section>\n\t\t\t\t<section class=\"elementor-section elementor-top-section elementor-element elementor-element-58246f2e elementor-section-boxed elementor-section-height-default elementor-section-height-default\" data-id=\"58246f2e\" data-element_type=\"section\">\n\t\t\t\t\t\t<div class=\"elementor-container elementor-column-gap-default\">\n\t\t\t\t\t<div class=\"elementor-column elementor-col-33 elementor-top-column elementor-element elementor-element-66cc7434\" data-id=\"66cc7434\" data-element_type=\"column\">\n\t\t\t<div class=\"elementor-widget-wrap elementor-element-populated\">\n\t\t\t\t\t\t<div class=\"elementor-element elementor-element-a502d9c elementor-position-top elementor-widget elementor-widget-image-box\" data-id=\"a502d9c\" data-element_type=\"widget\" data-widget_type=\"image-box.default\">\n\t\t\t\t<div class=\"elementor-widget-container\">\n\t\t\t\t\t<div class=\"elementor-image-box-wrapper\"><figure class=\"elementor-image-box-img\"><img fetchpriority=\"high\" decoding=\"async\" width=\"450\" height=\"300\" src=\"https:\/\/irispazzolatrici.com\/wp-content\/uploads\/2022\/05\/ABKGroup.webp\" class=\"attachment-full size-full wp-image-1033\" alt=\"\" title=\"\" srcset=\"https:\/\/irispazzolatrici.com\/wp-content\/uploads\/2022\/05\/ABKGroup.webp 450w, https:\/\/irispazzolatrici.com\/wp-content\/uploads\/2022\/05\/ABKGroup-300x200.webp 300w\" sizes=\"(max-width: 450px) 100vw, 450px\" \/><\/figure><div class=\"elementor-image-box-content\"><h3 class=\"elementor-image-box-title\">ABK Group Industrie Ceramiche Spa<\/h3><\/div><\/div>\t\t\t\t<\/div>\n\t\t\t\t<\/div>\n\t\t\t\t\t<\/div>\n\t\t<\/div>\n\t\t\t\t<div class=\"elementor-column elementor-col-33 elementor-top-column elementor-element elementor-element-5abc7e9\" data-id=\"5abc7e9\" data-element_type=\"column\">\n\t\t\t<div class=\"elementor-widget-wrap elementor-element-populated\">\n\t\t\t\t\t\t<div class=\"elementor-element elementor-element-da84dc7 elementor-position-top elementor-widget elementor-widget-image-box\" data-id=\"da84dc7\" data-element_type=\"widget\" data-widget_type=\"image-box.default\">\n\t\t\t\t<div class=\"elementor-widget-container\">\n\t\t\t\t\t<div class=\"elementor-image-box-wrapper\"><figure class=\"elementor-image-box-img\"><img decoding=\"async\" width=\"450\" height=\"300\" src=\"https:\/\/irispazzolatrici.com\/wp-content\/uploads\/2022\/05\/atlasconcorde.webp\" class=\"attachment-full size-full wp-image-1039\" alt=\"\" title=\"\" srcset=\"https:\/\/irispazzolatrici.com\/wp-content\/uploads\/2022\/05\/atlasconcorde.webp 450w, https:\/\/irispazzolatrici.com\/wp-content\/uploads\/2022\/05\/atlasconcorde-300x200.webp 300w\" sizes=\"(max-width: 450px) 100vw, 450px\" \/><\/figure><div class=\"elementor-image-box-content\"><h3 class=\"elementor-image-box-title\">GRUPPO CERAMICHE CONCORDE <\/h3><\/div><\/div>\t\t\t\t<\/div>\n\t\t\t\t<\/div>\n\t\t\t\t\t<\/div>\n\t\t<\/div>\n\t\t\t\t<div class=\"elementor-column elementor-col-33 elementor-top-column elementor-element elementor-element-92d1b69\" data-id=\"92d1b69\" data-element_type=\"column\">\n\t\t\t<div class=\"elementor-widget-wrap elementor-element-populated\">\n\t\t\t\t\t\t<div class=\"elementor-element elementor-element-90ddf39 elementor-position-top elementor-widget elementor-widget-image-box\" data-id=\"90ddf39\" data-element_type=\"widget\" data-widget_type=\"image-box.default\">\n\t\t\t\t<div class=\"elementor-widget-container\">\n\t\t\t\t\t<div class=\"elementor-image-box-wrapper\"><figure class=\"elementor-image-box-img\"><img decoding=\"async\" width=\"450\" height=\"300\" src=\"https:\/\/irispazzolatrici.com\/wp-content\/uploads\/2022\/05\/casalgrandePadana.webp\" class=\"attachment-full size-full wp-image-1042\" alt=\"\" title=\"\" srcset=\"https:\/\/irispazzolatrici.com\/wp-content\/uploads\/2022\/05\/casalgrandePadana.webp 450w, https:\/\/irispazzolatrici.com\/wp-content\/uploads\/2022\/05\/casalgrandePadana-300x200.webp 300w\" sizes=\"(max-width: 450px) 100vw, 450px\" \/><\/figure><div class=\"elementor-image-box-content\"><h3 class=\"elementor-image-box-title\">CASALGRANDE PADANA SPA<\/h3><\/div><\/div>\t\t\t\t<\/div>\n\t\t\t\t<\/div>\n\t\t\t\t\t<\/div>\n\t\t<\/div>\n\t\t\t\t\t<\/div>\n\t\t<\/section>\n\t\t\t\t<section class=\"elementor-section elementor-top-section elementor-element elementor-element-4d72767 elementor-section-boxed elementor-section-height-default elementor-section-height-default\" data-id=\"4d72767\" data-element_type=\"section\">\n\t\t\t\t\t\t<div class=\"elementor-container elementor-column-gap-default\">\n\t\t\t\t\t<div class=\"elementor-column elementor-col-33 elementor-top-column elementor-element elementor-element-d152bf9\" data-id=\"d152bf9\" data-element_type=\"column\">\n\t\t\t<div class=\"elementor-widget-wrap elementor-element-populated\">\n\t\t\t\t\t\t<div class=\"elementor-element elementor-element-90d6ce1 elementor-position-top elementor-widget elementor-widget-image-box\" data-id=\"90d6ce1\" data-element_type=\"widget\" data-widget_type=\"image-box.default\">\n\t\t\t\t<div class=\"elementor-widget-container\">\n\t\t\t\t\t<div class=\"elementor-image-box-wrapper\"><figure class=\"elementor-image-box-img\"><img loading=\"lazy\" decoding=\"async\" width=\"450\" height=\"300\" src=\"https:\/\/irispazzolatrici.com\/wp-content\/uploads\/2022\/05\/COEM.webp\" class=\"attachment-full size-full wp-image-1045\" alt=\"\" title=\"\" srcset=\"https:\/\/irispazzolatrici.com\/wp-content\/uploads\/2022\/05\/COEM.webp 450w, https:\/\/irispazzolatrici.com\/wp-content\/uploads\/2022\/05\/COEM-300x200.webp 300w\" sizes=\"(max-width: 450px) 100vw, 450px\" \/><\/figure><div class=\"elementor-image-box-content\"><h3 class=\"elementor-image-box-title\">COEM S.P.A.<\/h3><\/div><\/div>\t\t\t\t<\/div>\n\t\t\t\t<\/div>\n\t\t\t\t\t<\/div>\n\t\t<\/div>\n\t\t\t\t<div class=\"elementor-column elementor-col-33 elementor-top-column elementor-element elementor-element-7121ba6\" data-id=\"7121ba6\" data-element_type=\"column\">\n\t\t\t<div class=\"elementor-widget-wrap elementor-element-populated\">\n\t\t\t\t\t\t<div class=\"elementor-element elementor-element-894d76d elementor-position-top elementor-widget elementor-widget-image-box\" data-id=\"894d76d\" data-element_type=\"widget\" data-widget_type=\"image-box.default\">\n\t\t\t\t<div class=\"elementor-widget-container\">\n\t\t\t\t\t<div class=\"elementor-image-box-wrapper\"><figure class=\"elementor-image-box-img\"><img loading=\"lazy\" decoding=\"async\" width=\"450\" height=\"300\" src=\"https:\/\/irispazzolatrici.com\/wp-content\/uploads\/2022\/05\/florim.webp\" class=\"attachment-full size-full wp-image-1048\" alt=\"\" title=\"\" srcset=\"https:\/\/irispazzolatrici.com\/wp-content\/uploads\/2022\/05\/florim.webp 450w, https:\/\/irispazzolatrici.com\/wp-content\/uploads\/2022\/05\/florim-300x200.webp 300w\" sizes=\"(max-width: 450px) 100vw, 450px\" \/><\/figure><div class=\"elementor-image-box-content\"><h3 class=\"elementor-image-box-title\">FLORIM CERAMICHE SPA<\/h3><\/div><\/div>\t\t\t\t<\/div>\n\t\t\t\t<\/div>\n\t\t\t\t\t<\/div>\n\t\t<\/div>\n\t\t\t\t<div class=\"elementor-column elementor-col-33 elementor-top-column elementor-element elementor-element-e4e2ae3\" data-id=\"e4e2ae3\" data-element_type=\"column\">\n\t\t\t<div class=\"elementor-widget-wrap elementor-element-populated\">\n\t\t\t\t\t\t<div class=\"elementor-element elementor-element-301b56b elementor-position-top elementor-widget elementor-widget-image-box\" data-id=\"301b56b\" data-element_type=\"widget\" data-widget_type=\"image-box.default\">\n\t\t\t\t<div class=\"elementor-widget-container\">\n\t\t\t\t\t<div class=\"elementor-image-box-wrapper\"><figure class=\"elementor-image-box-img\"><img loading=\"lazy\" decoding=\"async\" width=\"450\" height=\"300\" src=\"https:\/\/irispazzolatrici.com\/wp-content\/uploads\/2022\/05\/gruppoCeramicheRicchetti.webp\" class=\"attachment-full size-full wp-image-1051\" alt=\"\" title=\"\" srcset=\"https:\/\/irispazzolatrici.com\/wp-content\/uploads\/2022\/05\/gruppoCeramicheRicchetti.webp 450w, https:\/\/irispazzolatrici.com\/wp-content\/uploads\/2022\/05\/gruppoCeramicheRicchetti-300x200.webp 300w\" sizes=\"(max-width: 450px) 100vw, 450px\" \/><\/figure><div class=\"elementor-image-box-content\"><h3 class=\"elementor-image-box-title\">GRUPPO CERAMICHE RICCHETTI SPA<\/h3><\/div><\/div>\t\t\t\t<\/div>\n\t\t\t\t<\/div>\n\t\t\t\t\t<\/div>\n\t\t<\/div>\n\t\t\t\t\t<\/div>\n\t\t<\/section>\n\t\t\t\t<section class=\"elementor-section elementor-top-section elementor-element elementor-element-d9efb53 elementor-section-boxed elementor-section-height-default elementor-section-height-default\" data-id=\"d9efb53\" data-element_type=\"section\">\n\t\t\t\t\t\t<div class=\"elementor-container elementor-column-gap-default\">\n\t\t\t\t\t<div class=\"elementor-column elementor-col-33 elementor-top-column elementor-element elementor-element-b12d365\" data-id=\"b12d365\" data-element_type=\"column\">\n\t\t\t<div class=\"elementor-widget-wrap elementor-element-populated\">\n\t\t\t\t\t\t<div class=\"elementor-element elementor-element-8b12f7c elementor-position-top elementor-widget elementor-widget-image-box\" data-id=\"8b12f7c\" data-element_type=\"widget\" data-widget_type=\"image-box.default\">\n\t\t\t\t<div class=\"elementor-widget-container\">\n\t\t\t\t\t<div class=\"elementor-image-box-wrapper\"><figure class=\"elementor-image-box-img\"><img loading=\"lazy\" decoding=\"async\" width=\"450\" height=\"300\" src=\"https:\/\/irispazzolatrici.com\/wp-content\/uploads\/2022\/05\/gruppoRomani.webp\" class=\"attachment-full size-full wp-image-1054\" alt=\"\" title=\"\" srcset=\"https:\/\/irispazzolatrici.com\/wp-content\/uploads\/2022\/05\/gruppoRomani.webp 450w, https:\/\/irispazzolatrici.com\/wp-content\/uploads\/2022\/05\/gruppoRomani-300x200.webp 300w\" sizes=\"(max-width: 450px) 100vw, 450px\" \/><\/figure><div class=\"elementor-image-box-content\"><h3 class=\"elementor-image-box-title\">GRUPPO ROMANI S.P.A.<\/h3><\/div><\/div>\t\t\t\t<\/div>\n\t\t\t\t<\/div>\n\t\t\t\t\t<\/div>\n\t\t<\/div>\n\t\t\t\t<div class=\"elementor-column elementor-col-33 elementor-top-column elementor-element elementor-element-af4f492\" data-id=\"af4f492\" data-element_type=\"column\">\n\t\t\t<div class=\"elementor-widget-wrap elementor-element-populated\">\n\t\t\t\t\t\t<div class=\"elementor-element elementor-element-7d3aaab elementor-position-top elementor-widget elementor-widget-image-box\" data-id=\"7d3aaab\" data-element_type=\"widget\" data-widget_type=\"image-box.default\">\n\t\t\t\t<div class=\"elementor-widget-container\">\n\t\t\t\t\t<div class=\"elementor-image-box-wrapper\"><figure class=\"elementor-image-box-img\"><img loading=\"lazy\" decoding=\"async\" width=\"450\" height=\"300\" src=\"https:\/\/irispazzolatrici.com\/wp-content\/uploads\/2022\/05\/italcer.webp\" class=\"attachment-full size-full wp-image-1057\" alt=\"\" title=\"\" srcset=\"https:\/\/irispazzolatrici.com\/wp-content\/uploads\/2022\/05\/italcer.webp 450w, https:\/\/irispazzolatrici.com\/wp-content\/uploads\/2022\/05\/italcer-300x200.webp 300w\" sizes=\"(max-width: 450px) 100vw, 450px\" \/><\/figure><div class=\"elementor-image-box-content\"><h3 class=\"elementor-image-box-title\">GRUPPO ITALCER SPA<\/h3><\/div><\/div>\t\t\t\t<\/div>\n\t\t\t\t<\/div>\n\t\t\t\t\t<\/div>\n\t\t<\/div>\n\t\t\t\t<div class=\"elementor-column elementor-col-33 elementor-top-column elementor-element elementor-element-7bc3e35\" data-id=\"7bc3e35\" data-element_type=\"column\">\n\t\t\t<div class=\"elementor-widget-wrap elementor-element-populated\">\n\t\t\t\t\t\t<div class=\"elementor-element elementor-element-d6f9f9a elementor-position-top elementor-widget elementor-widget-image-box\" data-id=\"d6f9f9a\" data-element_type=\"widget\" data-widget_type=\"image-box.default\">\n\t\t\t\t<div class=\"elementor-widget-container\">\n\t\t\t\t\t<div class=\"elementor-image-box-wrapper\"><figure class=\"elementor-image-box-img\"><img loading=\"lazy\" decoding=\"async\" width=\"450\" height=\"300\" src=\"https:\/\/irispazzolatrici.com\/wp-content\/uploads\/2022\/05\/keritaly.webp\" class=\"attachment-full size-full wp-image-1060\" alt=\"\" title=\"\" srcset=\"https:\/\/irispazzolatrici.com\/wp-content\/uploads\/2022\/05\/keritaly.webp 450w, https:\/\/irispazzolatrici.com\/wp-content\/uploads\/2022\/05\/keritaly-300x200.webp 300w\" sizes=\"(max-width: 450px) 100vw, 450px\" \/><\/figure><div class=\"elementor-image-box-content\"><h3 class=\"elementor-image-box-title\">KERITALY S.P.A. con unico azionista<\/h3><\/div><\/div>\t\t\t\t<\/div>\n\t\t\t\t<\/div>\n\t\t\t\t\t<\/div>\n\t\t<\/div>\n\t\t\t\t\t<\/div>\n\t\t<\/section>\n\t\t\t\t<section class=\"elementor-section elementor-top-section elementor-element elementor-element-0838db5 elementor-section-boxed elementor-section-height-default elementor-section-height-default\" data-id=\"0838db5\" data-element_type=\"section\">\n\t\t\t\t\t\t<div class=\"elementor-container elementor-column-gap-default\">\n\t\t\t\t\t<div class=\"elementor-column elementor-col-33 elementor-top-column elementor-element elementor-element-0831f3e\" data-id=\"0831f3e\" data-element_type=\"column\">\n\t\t\t<div class=\"elementor-widget-wrap elementor-element-populated\">\n\t\t\t\t\t\t<div class=\"elementor-element elementor-element-fada99f elementor-position-top elementor-widget elementor-widget-image-box\" data-id=\"fada99f\" data-element_type=\"widget\" data-widget_type=\"image-box.default\">\n\t\t\t\t<div class=\"elementor-widget-container\">\n\t\t\t\t\t<div class=\"elementor-image-box-wrapper\"><figure class=\"elementor-image-box-img\"><img loading=\"lazy\" decoding=\"async\" width=\"450\" height=\"300\" src=\"https:\/\/irispazzolatrici.com\/wp-content\/uploads\/2022\/05\/marazzi.webp\" class=\"attachment-full size-full wp-image-1063\" alt=\"\" title=\"\" srcset=\"https:\/\/irispazzolatrici.com\/wp-content\/uploads\/2022\/05\/marazzi.webp 450w, https:\/\/irispazzolatrici.com\/wp-content\/uploads\/2022\/05\/marazzi-300x200.webp 300w\" sizes=\"(max-width: 450px) 100vw, 450px\" \/><\/figure><div class=\"elementor-image-box-content\"><h3 class=\"elementor-image-box-title\">MARAZZI GROUP S.r.l. a socio unico<\/h3><\/div><\/div>\t\t\t\t<\/div>\n\t\t\t\t<\/div>\n\t\t\t\t\t<\/div>\n\t\t<\/div>\n\t\t\t\t<div class=\"elementor-column elementor-col-33 elementor-top-column elementor-element elementor-element-1c7cf9d\" data-id=\"1c7cf9d\" data-element_type=\"column\">\n\t\t\t<div class=\"elementor-widget-wrap elementor-element-populated\">\n\t\t\t\t\t\t<div class=\"elementor-element elementor-element-b77c08a elementor-position-top elementor-widget elementor-widget-image-box\" data-id=\"b77c08a\" data-element_type=\"widget\" data-widget_type=\"image-box.default\">\n\t\t\t\t<div class=\"elementor-widget-container\">\n\t\t\t\t\t<div class=\"elementor-image-box-wrapper\"><figure class=\"elementor-image-box-img\"><img loading=\"lazy\" decoding=\"async\" width=\"450\" height=\"300\" src=\"https:\/\/irispazzolatrici.com\/wp-content\/uploads\/2022\/05\/mohawk-industries.webp\" class=\"attachment-full size-full wp-image-1066\" alt=\"\" title=\"\" srcset=\"https:\/\/irispazzolatrici.com\/wp-content\/uploads\/2022\/05\/mohawk-industries.webp 450w, https:\/\/irispazzolatrici.com\/wp-content\/uploads\/2022\/05\/mohawk-industries-300x200.webp 300w\" sizes=\"(max-width: 450px) 100vw, 450px\" \/><\/figure><div class=\"elementor-image-box-content\"><h3 class=\"elementor-image-box-title\">Mohawk Industries, Inc.<\/h3><\/div><\/div>\t\t\t\t<\/div>\n\t\t\t\t<\/div>\n\t\t\t\t\t<\/div>\n\t\t<\/div>\n\t\t\t\t<div class=\"elementor-column elementor-col-33 elementor-top-column elementor-element elementor-element-808e605\" data-id=\"808e605\" data-element_type=\"column\">\n\t\t\t<div class=\"elementor-widget-wrap elementor-element-populated\">\n\t\t\t\t\t\t<div class=\"elementor-element elementor-element-bfbceb1 elementor-position-top elementor-widget elementor-widget-image-box\" data-id=\"bfbceb1\" data-element_type=\"widget\" data-widget_type=\"image-box.default\">\n\t\t\t\t<div class=\"elementor-widget-container\">\n\t\t\t\t\t<div class=\"elementor-image-box-wrapper\"><figure class=\"elementor-image-box-img\"><img loading=\"lazy\" decoding=\"async\" width=\"450\" height=\"300\" src=\"https:\/\/irispazzolatrici.com\/wp-content\/uploads\/2022\/05\/novabell.webp\" class=\"attachment-full size-full wp-image-1069\" alt=\"\" title=\"\" srcset=\"https:\/\/irispazzolatrici.com\/wp-content\/uploads\/2022\/05\/novabell.webp 450w, https:\/\/irispazzolatrici.com\/wp-content\/uploads\/2022\/05\/novabell-300x200.webp 300w\" sizes=\"(max-width: 450px) 100vw, 450px\" \/><\/figure><div class=\"elementor-image-box-content\"><h3 class=\"elementor-image-box-title\">NOVABELL SpA Ceramiche Italiane<\/h3><\/div><\/div>\t\t\t\t<\/div>\n\t\t\t\t<\/div>\n\t\t\t\t\t<\/div>\n\t\t<\/div>\n\t\t\t\t\t<\/div>\n\t\t<\/section>\n\t\t\t\t<section class=\"elementor-section elementor-top-section elementor-element elementor-element-b2c43dd elementor-section-boxed elementor-section-height-default elementor-section-height-default\" data-id=\"b2c43dd\" data-element_type=\"section\">\n\t\t\t\t\t\t<div class=\"elementor-container elementor-column-gap-default\">\n\t\t\t\t\t<div class=\"elementor-column elementor-col-33 elementor-top-column elementor-element elementor-element-09b5cad\" data-id=\"09b5cad\" data-element_type=\"column\">\n\t\t\t<div class=\"elementor-widget-wrap elementor-element-populated\">\n\t\t\t\t\t\t<div class=\"elementor-element elementor-element-2da4492 elementor-position-top elementor-widget elementor-widget-image-box\" data-id=\"2da4492\" data-element_type=\"widget\" data-widget_type=\"image-box.default\">\n\t\t\t\t<div class=\"elementor-widget-container\">\n\t\t\t\t\t<div class=\"elementor-image-box-wrapper\"><figure class=\"elementor-image-box-img\"><img loading=\"lazy\" decoding=\"async\" width=\"450\" height=\"300\" src=\"https:\/\/irispazzolatrici.com\/wp-content\/uploads\/2022\/05\/paradyz.webp\" class=\"attachment-full size-full wp-image-1072\" alt=\"\" title=\"\" srcset=\"https:\/\/irispazzolatrici.com\/wp-content\/uploads\/2022\/05\/paradyz.webp 450w, https:\/\/irispazzolatrici.com\/wp-content\/uploads\/2022\/05\/paradyz-300x200.webp 300w\" sizes=\"(max-width: 450px) 100vw, 450px\" \/><\/figure><div class=\"elementor-image-box-content\"><h3 class=\"elementor-image-box-title\">PARADYZ GROUP <\/h3><\/div><\/div>\t\t\t\t<\/div>\n\t\t\t\t<\/div>\n\t\t\t\t\t<\/div>\n\t\t<\/div>\n\t\t\t\t<div class=\"elementor-column elementor-col-33 elementor-top-column elementor-element elementor-element-d985e5f\" data-id=\"d985e5f\" data-element_type=\"column\">\n\t\t\t<div class=\"elementor-widget-wrap\">\n\t\t\t\t\t\t\t<\/div>\n\t\t<\/div>\n\t\t\t\t<div class=\"elementor-column elementor-col-33 elementor-top-column elementor-element elementor-element-ac4fcc8\" data-id=\"ac4fcc8\" data-element_type=\"column\">\n\t\t\t<div class=\"elementor-widget-wrap\">\n\t\t\t\t\t\t\t<\/div>\n\t\t<\/div>\n\t\t\t\t\t<\/div>\n\t\t<\/section>\n\t\t\t\t<\/div>\n\t\t","protected":false},"excerpt":{"rendered":"<p>Home \/ Referencias Empresas que nos han elegido Este es solo un peque\u00f1o extracto de las empresas que han elegido nuestra tecnolog\u00eda y con las que hemos seguido colaborando con \u00e9xito durante muchos a\u00f1os. ABK Group Industrie Ceramiche Spa GRUPPO CERAMICHE CONCORDE CASALGRANDE PADANA SPA COEM S.P.A. FLORIM CERAMICHE SPA GRUPPO CERAMICHE RICCHETTI SPA GRUPPO [&hellip;]<\/p>\n","protected":false},"author":1,"featured_media":0,"parent":0,"menu_order":0,"comment_status":"closed","ping_status":"closed","template":"","meta":{"footnotes":""},"class_list":["post-1983","page","type-page","status-publish","hentry"],"_links":{"self":[{"href":"https:\/\/irispazzolatrici.com\/es\/wp-json\/wp\/v2\/pages\/1983","targetHints":{"allow":["GET"]}}],"collection":[{"href":"https:\/\/irispazzolatrici.com\/es\/wp-json\/wp\/v2\/pages"}],"about":[{"href":"https:\/\/irispazzolatrici.com\/es\/wp-json\/wp\/v2\/types\/page"}],"author":[{"embeddable":true,"href":"https:\/\/irispazzolatrici.com\/es\/wp-json\/wp\/v2\/users\/1"}],"replies":[{"embeddable":true,"href":"https:\/\/irispazzolatrici.com\/es\/wp-json\/wp\/v2\/comments?post=1983"}],"version-history":[{"count":2,"href":"https:\/\/irispazzolatrici.com\/es\/wp-json\/wp\/v2\/pages\/1983\/revisions"}],"predecessor-version":[{"id":1985,"href":"https:\/\/irispazzolatrici.com\/es\/wp-json\/wp\/v2\/pages\/1983\/revisions\/1985"}],"wp:attachment":[{"href":"https:\/\/irispazzolatrici.com\/es\/wp-json\/wp\/v2\/media?parent=1983"}],"curies":[{"name":"wp","href":"https:\/\/api.w.org\/{rel}","templated":true}]}}