{"id":1981,"date":"2022-06-20T16:07:52","date_gmt":"2022-06-20T14:07:52","guid":{"rendered":"https:\/\/irispazzolatrici.com\/como-trabajamos\/"},"modified":"2022-06-20T16:07:53","modified_gmt":"2022-06-20T14:07:53","slug":"como-trabajamos","status":"publish","type":"page","link":"https:\/\/irispazzolatrici.com\/es\/como-trabajamos\/","title":{"rendered":"Como trabajamos"},"content":{"rendered":"\t\t<div data-elementor-type=\"wp-page\" data-elementor-id=\"1981\" class=\"elementor elementor-1981 elementor-57\" data-elementor-post-type=\"page\">\n\t\t\t\t\t\t<section class=\"elementor-section elementor-top-section elementor-element elementor-element-568fe4b7 elementor-section-full_width elementor-section-height-default elementor-section-height-default\" data-id=\"568fe4b7\" data-element_type=\"section\" data-settings=\"{&quot;background_background&quot;:&quot;classic&quot;}\">\n\t\t\t\t\t\t\t<div class=\"elementor-background-overlay\"><\/div>\n\t\t\t\t\t\t\t<div class=\"elementor-container elementor-column-gap-default\">\n\t\t\t\t\t<div class=\"elementor-column elementor-col-100 elementor-top-column elementor-element elementor-element-4b06af1c\" data-id=\"4b06af1c\" data-element_type=\"column\" data-settings=\"{&quot;background_background&quot;:&quot;classic&quot;}\">\n\t\t\t<div class=\"elementor-widget-wrap elementor-element-populated\">\n\t\t\t\t\t\t<section class=\"elementor-section elementor-inner-section elementor-element elementor-element-2c1d057 elementor-section-boxed elementor-section-height-default elementor-section-height-default\" data-id=\"2c1d057\" data-element_type=\"section\">\n\t\t\t\t\t\t<div class=\"elementor-container elementor-column-gap-default\">\n\t\t\t\t\t<div class=\"elementor-column elementor-col-100 elementor-inner-column elementor-element elementor-element-fe979ae\" data-id=\"fe979ae\" data-element_type=\"column\">\n\t\t\t<div class=\"elementor-widget-wrap elementor-element-populated\">\n\t\t\t\t\t\t<div class=\"elementor-element elementor-element-6ae98f23 elementor-widget__width-auto elementor-icon-list--layout-traditional elementor-list-item-link-full_width elementor-widget elementor-widget-icon-list\" data-id=\"6ae98f23\" data-element_type=\"widget\" data-widget_type=\"icon-list.default\">\n\t\t\t\t<div class=\"elementor-widget-container\">\n\t\t\t\t\t\t\t<ul class=\"elementor-icon-list-items\">\n\t\t\t\t\t\t\t<li class=\"elementor-icon-list-item\">\n\t\t\t\t\t\t\t\t\t\t\t<a href=\"https:\/\/irispazzolatrici.com\/es\/\">\n\n\t\t\t\t\t\t\t\t\t\t\t<span class=\"elementor-icon-list-text\">Home<\/span>\n\t\t\t\t\t\t\t\t\t\t\t<\/a>\n\t\t\t\t\t\t\t\t\t<\/li>\n\t\t\t\t\t\t<\/ul>\n\t\t\t\t\t\t<\/div>\n\t\t\t\t<\/div>\n\t\t\t\t<div class=\"elementor-element elementor-element-37c5622b elementor-widget__width-auto elementor-widget elementor-widget-heading\" data-id=\"37c5622b\" data-element_type=\"widget\" data-widget_type=\"heading.default\">\n\t\t\t\t<div class=\"elementor-widget-container\">\n\t\t\t\t\t<h6 class=\"elementor-heading-title elementor-size-default\">\/<\/h6>\t\t\t\t<\/div>\n\t\t\t\t<\/div>\n\t\t\t\t<div class=\"elementor-element elementor-element-356b4a14 elementor-widget__width-auto elementor-icon-list--layout-traditional elementor-list-item-link-full_width elementor-widget elementor-widget-icon-list\" data-id=\"356b4a14\" data-element_type=\"widget\" data-widget_type=\"icon-list.default\">\n\t\t\t\t<div class=\"elementor-widget-container\">\n\t\t\t\t\t\t\t<ul class=\"elementor-icon-list-items\">\n\t\t\t\t\t\t\t<li class=\"elementor-icon-list-item\">\n\t\t\t\t\t\t\t\t\t\t<span class=\"elementor-icon-list-text\"><\/span>\n\t\t\t\t\t\t\t\t\t<\/li>\n\t\t\t\t\t\t<\/ul>\n\t\t\t\t\t\t<\/div>\n\t\t\t\t<\/div>\n\t\t\t\t\t<\/div>\n\t\t<\/div>\n\t\t\t\t\t<\/div>\n\t\t<\/section>\n\t\t\t\t\t<\/div>\n\t\t<\/div>\n\t\t\t\t\t<\/div>\n\t\t<\/section>\n\t\t\t\t<section class=\"elementor-section elementor-top-section elementor-element elementor-element-3bcaeda2 elementor-reverse-tablet elementor-reverse-mobile elementor-section-boxed elementor-section-height-default elementor-section-height-default\" data-id=\"3bcaeda2\" data-element_type=\"section\">\n\t\t\t\t\t\t<div class=\"elementor-container elementor-column-gap-default\">\n\t\t\t\t\t<div class=\"elementor-column elementor-col-50 elementor-top-column elementor-element elementor-element-4ec9857f\" data-id=\"4ec9857f\" data-element_type=\"column\">\n\t\t\t<div class=\"elementor-widget-wrap elementor-element-populated\">\n\t\t\t\t\t\t<div class=\"elementor-element elementor-element-1f1c3313 elementor-widget-tablet__width-initial elementor-widget elementor-widget-image\" data-id=\"1f1c3313\" data-element_type=\"widget\" data-widget_type=\"image.default\">\n\t\t\t\t<div class=\"elementor-widget-container\">\n\t\t\t\t\t\t\t\t\t\t\t\t\t\t\t<img fetchpriority=\"high\" decoding=\"async\" width=\"510\" height=\"584\" src=\"https:\/\/irispazzolatrici.com\/wp-content\/uploads\/2022\/05\/01-comeLavoriamo.webp\" class=\"attachment-full size-full wp-image-978\" alt=\"\" srcset=\"https:\/\/irispazzolatrici.com\/wp-content\/uploads\/2022\/05\/01-comeLavoriamo.webp 510w, https:\/\/irispazzolatrici.com\/wp-content\/uploads\/2022\/05\/01-comeLavoriamo-262x300.webp 262w\" sizes=\"(max-width: 510px) 100vw, 510px\" title=\"\">\t\t\t\t\t\t\t\t\t\t\t\t\t\t\t<\/div>\n\t\t\t\t<\/div>\n\t\t\t\t<div class=\"elementor-element elementor-element-c408db9 elementor-widget-tablet__width-initial elementor-widget elementor-widget-image\" data-id=\"c408db9\" data-element_type=\"widget\" data-widget_type=\"image.default\">\n\t\t\t\t<div class=\"elementor-widget-container\">\n\t\t\t\t\t\t\t\t\t\t\t\t\t\t\t<img decoding=\"async\" width=\"584\" height=\"510\" src=\"https:\/\/irispazzolatrici.com\/wp-content\/uploads\/2022\/05\/02-comeLavoriamo.webp\" class=\"attachment-full size-full wp-image-982\" alt=\"\" srcset=\"https:\/\/irispazzolatrici.com\/wp-content\/uploads\/2022\/05\/02-comeLavoriamo.webp 584w, https:\/\/irispazzolatrici.com\/wp-content\/uploads\/2022\/05\/02-comeLavoriamo-300x262.webp 300w\" sizes=\"(max-width: 584px) 100vw, 584px\" title=\"\">\t\t\t\t\t\t\t\t\t\t\t\t\t\t\t<\/div>\n\t\t\t\t<\/div>\n\t\t\t\t\t<\/div>\n\t\t<\/div>\n\t\t\t\t<div class=\"elementor-column elementor-col-50 elementor-top-column elementor-element elementor-element-294afbd6\" data-id=\"294afbd6\" data-element_type=\"column\">\n\t\t\t<div class=\"elementor-widget-wrap elementor-element-populated\">\n\t\t\t\t\t\t<div class=\"elementor-element elementor-element-2f176fcb elementor-widget__width-auto elementor-widget-divider--view-line elementor-widget elementor-widget-divider\" data-id=\"2f176fcb\" data-element_type=\"widget\" data-widget_type=\"divider.default\">\n\t\t\t\t<div class=\"elementor-widget-container\">\n\t\t\t\t\t\t\t<div class=\"elementor-divider\">\n\t\t\t<span class=\"elementor-divider-separator\">\n\t\t\t\t\t\t<\/span>\n\t\t<\/div>\n\t\t\t\t\t\t<\/div>\n\t\t\t\t<\/div>\n\t\t\t\t<div class=\"elementor-element elementor-element-29559649 elementor-widget__width-auto elementor-invisible elementor-widget elementor-widget-heading\" data-id=\"29559649\" data-element_type=\"widget\" data-settings=\"{&quot;_animation&quot;:&quot;fadeInUp&quot;,&quot;_animation_delay&quot;:50}\" data-widget_type=\"heading.default\">\n\t\t\t\t<div class=\"elementor-widget-container\">\n\t\t\t\t\t<h6 class=\"elementor-heading-title elementor-size-default\">Como trabajamos<\/h6>\t\t\t\t<\/div>\n\t\t\t\t<\/div>\n\t\t\t\t<div class=\"elementor-element elementor-element-a5327ec elementor-widget elementor-widget-heading\" data-id=\"a5327ec\" data-element_type=\"widget\" data-widget_type=\"heading.default\">\n\t\t\t\t<div class=\"elementor-widget-container\">\n\t\t\t\t\t<h2 class=\"elementor-heading-title elementor-size-default\">Fiabilidad, calidad y rendimiento.<\/h2>\t\t\t\t<\/div>\n\t\t\t\t<\/div>\n\t\t\t\t<div class=\"elementor-element elementor-element-40ab3eb1 elementor-widget elementor-widget-text-editor\" data-id=\"40ab3eb1\" data-element_type=\"widget\" data-widget_type=\"text-editor.default\">\n\t\t\t\t<div class=\"elementor-widget-container\">\n\t\t\t\t\t\t\t\t\t<p>El desarrollo de las CEPILLADORAS y PLANTAS PARA LA INDUSTRIA CER\u00c1MICA de IRI srl se basa en la profesionalidad de figuras actualizadas y formadas, prestando especial atenci\u00f3n a la aplicaci\u00f3n constante de todas las normas europeas, dando como resultado un producto de alta calidad.<br>Art\u00edculos como CEPILLADORAS SAT\u00c9LITE o CEPILLADORAS ANULARES son la punta de lanza de nuestra empresa, garntizan fiabilidad, calidad y rendimiento.<br>La combinaci\u00f3n de estas caracter\u00edsticas es la f\u00f3rmula con la que dise\u00f1amos, cuidamos y desarrollamos cada detalle de nuestros productos.<\/p><p>Desarrollar nuevas soluciones para la industria cer\u00e1mica a trav\u00e9s de nuestras m\u00e1quinas es otro foco de prioridad y profesionalidad para la empresa, que siempre ha apostado por investigar y crear soluciones innovadoras pensadas para dar algo m\u00e1s, capaces de obtener la satisfacci\u00f3n del mercado, que siempre ha sido el objectivo primordial de la empresa. En este sentido, mencionamos dos de nuestros mejores productos, s\u00edmbolo de continuo crecimiento, como son la familia de CEPILLADORAS mod. XL para grandes losas o la familia CEPILLADORAS mod. XLE para la limpieza del engobe en la parte inferior de la baldosa.<\/p>\t\t\t\t\t\t\t\t<\/div>\n\t\t\t\t<\/div>\n\t\t\t\t\t<\/div>\n\t\t<\/div>\n\t\t\t\t\t<\/div>\n\t\t<\/section>\n\t\t\t\t<\/div>\n\t\t","protected":false},"excerpt":{"rendered":"<p>Home \/ Como trabajamos Fiabilidad, calidad y rendimiento. El desarrollo de las CEPILLADORAS y PLANTAS PARA LA INDUSTRIA CER\u00c1MICA de IRI srl se basa en la profesionalidad de figuras actualizadas y formadas, prestando especial atenci\u00f3n a la aplicaci\u00f3n constante de todas las normas europeas, dando como resultado un producto de alta calidad.Art\u00edculos como CEPILLADORAS SAT\u00c9LITE [&hellip;]<\/p>\n","protected":false},"author":1,"featured_media":0,"parent":0,"menu_order":0,"comment_status":"closed","ping_status":"closed","template":"","meta":{"footnotes":""},"class_list":["post-1981","page","type-page","status-publish","hentry"],"_links":{"self":[{"href":"https:\/\/irispazzolatrici.com\/es\/wp-json\/wp\/v2\/pages\/1981","targetHints":{"allow":["GET"]}}],"collection":[{"href":"https:\/\/irispazzolatrici.com\/es\/wp-json\/wp\/v2\/pages"}],"about":[{"href":"https:\/\/irispazzolatrici.com\/es\/wp-json\/wp\/v2\/types\/page"}],"author":[{"embeddable":true,"href":"https:\/\/irispazzolatrici.com\/es\/wp-json\/wp\/v2\/users\/1"}],"replies":[{"embeddable":true,"href":"https:\/\/irispazzolatrici.com\/es\/wp-json\/wp\/v2\/comments?post=1981"}],"version-history":[{"count":1,"href":"https:\/\/irispazzolatrici.com\/es\/wp-json\/wp\/v2\/pages\/1981\/revisions"}],"predecessor-version":[{"id":1982,"href":"https:\/\/irispazzolatrici.com\/es\/wp-json\/wp\/v2\/pages\/1981\/revisions\/1982"}],"wp:attachment":[{"href":"https:\/\/irispazzolatrici.com\/es\/wp-json\/wp\/v2\/media?parent=1981"}],"curies":[{"name":"wp","href":"https:\/\/api.w.org\/{rel}","templated":true}]}}